{"id":130,"date":"2025-09-03T20:10:33","date_gmt":"2025-09-03T18:10:33","guid":{"rendered":"https:\/\/klozbuecher.com\/?page_id=130"},"modified":"2025-09-11T16:02:33","modified_gmt":"2025-09-11T14:02:33","slug":"impressum","status":"publish","type":"page","link":"https:\/\/klozbuecher.com\/en\/impressum\/","title":{"rendered":"Imprint"},"content":{"rendered":"<div style=\"word-wrap: break-word;\">\n\n<p>Bernd Klozb\u00fccher<br \/>\nklozb\u00fccher \u2013 The Landhotel<br \/>\nRosenberger Stra\u00dfe 47<br \/>\n73479 Ellwangen-Eggenrot<\/p>\n\n<h2>Contact<\/h2>\n<p>Phone: 07961\/92 49 19-0<br \/>\nFax: 07961\/92 49 19-100<br \/>\nE-Mail: bk@klozbuecher.com<\/p>\n\n<h2>VAT-ID<\/h2>\n<p>Sales tax identification number according to \u00a7 27 a of the German VAT act:<br \/>\nDE 169 449 500<\/p>\n\n<h2>Editorial responsibility<\/h2>\n<p>Bernd Klozb\u00fccher<\/p>\n\n<h2>Consumer Dispute Resolution\/Universal Conciliation Body<\/h2>\n<p>We are not willing or obliged to participate in dispute resolution proceedings before a consumer conciliation Board to participate.<\/p><\/div>\n\n\n<h3 class=\"wp-block-heading\">Liability for content<\/h3>\n\n\n\n<p>As a service provider we are according to \u00a7 7 Abs.1 of TMG for own contents on these sides after the General laws. According to \u00a7\u00a7 8 to 10 TMG we are not obliged as a service provider to monitor transmitted or stored foreign information or to investigate circumstances that indicate illegal activity.<\/p>\n\n\n\n<p>Obligations to remove or block the use of information under the General laws remain unaffected. A liability is only from the date of knowledge of a concrete violation of the law. Upon notification of appropriate violations, we will remove this content immediately.<\/p>\n\n\n\n<h3 class=\"wp-block-heading\">Liability for Links<\/h3>\n\n\n\n<p>Our offer contains Links to external Websites of third parties on whose contents we have no influence. Therefore we can for these foreign contents also no guarantee. For the content of the linked pages the respective provider or operator of the pages is always responsible. The linked sites were checked at the time of linking for possible violations of the law. Illegal contents were at the time of the linking.<\/p>\n\n\n\n<p>A permanent content control of the linked pages is unreasonable without concrete evidence of a violation. Upon notification of violations, we will remove such Links immediately.<\/p>\n\n\n\n<h3 class=\"wp-block-heading\">Copyright<\/h3>\n\n\n\n<p>The created contents and works on these pages are subject to German copyright law. The reproduction, editing, distribution and any kind of exploitation outside the limits of copyright law require the written consent of the respective author or Creator. Downloads and copies of these pages are only permitted for private, non-commercial use.<\/p>\n\n\n\n<p>As far as the content is not created by the operator, the copyrights of third parties. In particular, contents of third parties are marked as such. Should you nevertheless become aware of a copyright infringement, we ask for a corresponding note. The removal of legal violations, such content immediately.<\/p>","protected":false},"excerpt":{"rendered":"<p>Haftung f\u00fcr Inhalte Als Diensteanbieter sind wir gem\u00e4\u00df \u00a7 7 Abs.1 TMG f\u00fcr eigene Inhalte auf diesen Seiten nach den allgemeinen Gesetzen verantwortlich. Nach \u00a7\u00a7 8 bis 10 TMG sind&#8230;<\/p>","protected":false},"author":1,"featured_media":0,"parent":0,"menu_order":0,"comment_status":"closed","ping_status":"closed","template":"","meta":{"_acf_changed":false,"_kad_blocks_custom_css":"","_kad_blocks_head_custom_js":"","_kad_blocks_body_custom_js":"","_kad_blocks_footer_custom_js":"","_EventAllDay":false,"_EventTimezone":"","_EventStartDate":"","_EventEndDate":"","_EventStartDateUTC":"","_EventEndDateUTC":"","_EventShowMap":false,"_EventShowMapLink":false,"_EventURL":"","_EventCost":"","_EventCostDescription":"","_EventCurrencySymbol":"","_EventCurrencyCode":"","_EventCurrencyPosition":"","_EventDateTimeSeparator":"","_EventTimeRangeSeparator":"","_EventOrganizerID":[],"_EventVenueID":[],"_OrganizerEmail":"","_OrganizerPhone":"","_OrganizerWebsite":"","_VenueAddress":"","_VenueCity":"","_VenueCountry":"","_VenueProvince":"","_VenueState":"","_VenueZip":"","_VenuePhone":"","_VenueURL":"","_VenueStateProvince":"","_VenueLat":"","_VenueLng":"","_VenueShowMap":false,"_VenueShowMapLink":false,"_kad_post_transparent":"","_kad_post_title":"","_kad_post_layout":"","_kad_post_sidebar_id":"","_kad_post_content_style":"","_kad_post_vertical_padding":"","_kad_post_feature":"","_kad_post_feature_position":"","_kad_post_header":false,"_kad_post_footer":false,"_kad_post_classname":"","footnotes":""},"class_list":["post-130","page","type-page","status-publish","hentry"],"acf":[],"taxonomy_info":[],"featured_image_src_large":false,"author_info":{"display_name":"digitalhuman","author_link":"https:\/\/klozbuecher.com\/en\/author\/digitalhuman\/"},"comment_info":0,"_links":{"self":[{"href":"https:\/\/klozbuecher.com\/en\/wp-json\/wp\/v2\/pages\/130","targetHints":{"allow":["GET"]}}],"collection":[{"href":"https:\/\/klozbuecher.com\/en\/wp-json\/wp\/v2\/pages"}],"about":[{"href":"https:\/\/klozbuecher.com\/en\/wp-json\/wp\/v2\/types\/page"}],"author":[{"embeddable":true,"href":"https:\/\/klozbuecher.com\/en\/wp-json\/wp\/v2\/users\/1"}],"replies":[{"embeddable":true,"href":"https:\/\/klozbuecher.com\/en\/wp-json\/wp\/v2\/comments?post=130"}],"version-history":[{"count":2,"href":"https:\/\/klozbuecher.com\/en\/wp-json\/wp\/v2\/pages\/130\/revisions"}],"predecessor-version":[{"id":277,"href":"https:\/\/klozbuecher.com\/en\/wp-json\/wp\/v2\/pages\/130\/revisions\/277"}],"wp:attachment":[{"href":"https:\/\/klozbuecher.com\/en\/wp-json\/wp\/v2\/media?parent=130"}],"curies":[{"name":"wp","href":"https:\/\/api.w.org\/{rel}","templated":true}]}}