{"id":111,"date":"2025-09-03T20:08:08","date_gmt":"2025-09-03T18:08:08","guid":{"rendered":"https:\/\/klozbuecher.com\/?page_id=111"},"modified":"2025-09-04T09:13:11","modified_gmt":"2025-09-04T07:13:11","slug":"der-cateringservice","status":"publish","type":"page","link":"https:\/\/klozbuecher.com\/en\/der-cateringservice\/","title":{"rendered":"The Catering Service"},"content":{"rendered":"<style>.kb-row-layout-id111_95e942-72 > .kt-row-column-wrap{align-content:end;}:where(.kb-row-layout-id111_95e942-72 > .kt-row-column-wrap) > .wp-block-kadence-column{justify-content:end;}.kb-row-layout-id111_95e942-72 > .kt-row-column-wrap{column-gap:var(--global-kb-gap-md, 2rem);row-gap:var(--global-kb-gap-md, 2rem);max-width:var( --global-content-width, 1290px );padding-left:var(--global-content-edge-padding);padding-right:var(--global-content-edge-padding);padding-top:var(--global-kb-spacing-5xl, 10rem);padding-bottom:var(--global-kb-spacing-lg, 3rem);min-height:65vh;grid-template-columns:minmax(0, 1fr);}.kb-row-layout-id111_95e942-72{background-image:url('https:\/\/klozbuecher.com\/wp-content\/uploads\/2025\/09\/Klozbuecher_Zimmeransicht.jpg');background-size:auto;background-position:64% 97%;background-attachment:scroll;background-repeat:no-repeat;}.kb-row-layout-id111_95e942-72 > .kt-row-layout-overlay{opacity:0.99;background:linear-gradient(180deg,rgba(255,255,255,0) 19%,var(--global-palette9) 43%);}@media all and (max-width: 1024px){.kb-row-layout-id111_95e942-72 > .kt-row-column-wrap{grid-template-columns:minmax(0, 1fr);}}@media all and (max-width: 767px){.kb-row-layout-id111_95e942-72 > .kt-row-column-wrap{padding-top:var(--global-kb-spacing-5xl, 10rem);grid-template-columns:minmax(0, 1fr);}.kb-row-layout-wrap.wp-block-kadence-rowlayout.kb-row-layout-id111_95e942-72{background-image:url('https:\/\/klozbuecher.com\/wp-content\/uploads\/2025\/09\/Klozbuecher_familie_haus.jpg');background-size:cover;background-position:45% 45%;background-attachment:scroll;background-repeat:no-repeat;}.kb-row-layout-id111_95e942-72 > .kt-row-layout-overlay{opacity:1;background:linear-gradient(180deg,rgba(255,255,255,0) 8%,var(--global-palette9) 28%);}}<\/style><div class=\"kb-row-layout-wrap kb-row-layout-id111_95e942-72 alignnone kt-row-has-bg wp-block-kadence-rowlayout\"><div class=\"kt-row-layout-overlay kt-row-overlay-gradient\"><\/div><div class=\"kt-row-column-wrap kt-has-1-columns kt-row-layout-equal kt-tab-layout-inherit kt-mobile-layout-row kt-row-valign-bottom kb-theme-content-width\">\n<style>.kadence-column111_20bb52-ef > .kt-inside-inner-col{display:flex;}.kadence-column111_20bb52-ef > .kt-inside-inner-col,.kadence-column111_20bb52-ef > .kt-inside-inner-col:before{border-top-left-radius:0px;border-top-right-radius:0px;border-bottom-right-radius:0px;border-bottom-left-radius:0px;}.kadence-column111_20bb52-ef > .kt-inside-inner-col{column-gap:var(--global-kb-gap-sm, 1rem);}.kadence-column111_20bb52-ef > .kt-inside-inner-col{flex-direction:column;align-items:center;}.kadence-column111_20bb52-ef > .kt-inside-inner-col > .kb-image-is-ratio-size{align-self:stretch;}.kadence-column111_20bb52-ef > .kt-inside-inner-col > .wp-block-kadence-advancedgallery{align-self:stretch;}.kadence-column111_20bb52-ef > .kt-inside-inner-col > .aligncenter{width:100%;}.kadence-column111_20bb52-ef > .kt-inside-inner-col:before{opacity:0.3;}.kadence-column111_20bb52-ef{text-align:center;}.kadence-column111_20bb52-ef{position:relative;}@media all and (max-width: 1024px){.kadence-column111_20bb52-ef > .kt-inside-inner-col{flex-direction:column;justify-content:center;align-items:center;}}@media all and (max-width: 767px){.kadence-column111_20bb52-ef > .kt-inside-inner-col{flex-direction:column;justify-content:center;align-items:center;}}<\/style>\n<div class=\"wp-block-kadence-column kadence-column111_20bb52-ef\"><div class=\"kt-inside-inner-col\"><style>.wp-block-kadence-advancedheading.kt-adv-heading111_fffffb-40, .wp-block-kadence-advancedheading.kt-adv-heading111_fffffb-40[data-kb-block=\"kb-adv-heading111_fffffb-40\"]{padding-top:0px;margin-top:0px;font-style:normal;}.wp-block-kadence-advancedheading.kt-adv-heading111_fffffb-40 mark.kt-highlight, .wp-block-kadence-advancedheading.kt-adv-heading111_fffffb-40[data-kb-block=\"kb-adv-heading111_fffffb-40\"] mark.kt-highlight{font-style:normal;color:#f76a0c;-webkit-box-decoration-break:clone;box-decoration-break:clone;padding-top:0px;padding-right:0px;padding-bottom:0px;padding-left:0px;}.wp-block-kadence-advancedheading.kt-adv-heading111_fffffb-40 img.kb-inline-image, .wp-block-kadence-advancedheading.kt-adv-heading111_fffffb-40[data-kb-block=\"kb-adv-heading111_fffffb-40\"] img.kb-inline-image{width:150px;vertical-align:baseline;}<\/style>\n<h1 class=\"kt-adv-heading111_fffffb-40 wp-block-kadence-advancedheading\" data-kb-block=\"kb-adv-heading111_fffffb-40\">Landhotel Klozb\u00fccher Ellwangen-Eggenrot<\/h1>\n\n\n<style>.wp-block-kadence-advancedheading.kt-adv-heading111_9f96da-18, .wp-block-kadence-advancedheading.kt-adv-heading111_9f96da-18[data-kb-block=\"kb-adv-heading111_9f96da-18\"]{font-size:26px;font-style:normal;text-transform:uppercase;}.wp-block-kadence-advancedheading.kt-adv-heading111_9f96da-18 mark.kt-highlight, .wp-block-kadence-advancedheading.kt-adv-heading111_9f96da-18[data-kb-block=\"kb-adv-heading111_9f96da-18\"] mark.kt-highlight{font-style:normal;color:#f76a0c;-webkit-box-decoration-break:clone;box-decoration-break:clone;padding-top:0px;padding-right:0px;padding-bottom:0px;padding-left:0px;}.wp-block-kadence-advancedheading.kt-adv-heading111_9f96da-18 img.kb-inline-image, .wp-block-kadence-advancedheading.kt-adv-heading111_9f96da-18[data-kb-block=\"kb-adv-heading111_9f96da-18\"] img.kb-inline-image{width:150px;vertical-align:baseline;}<\/style>\n<p class=\"kt-adv-heading111_9f96da-18 wp-block-kadence-advancedheading has-theme-palette-1-color has-text-color\" data-kb-block=\"kb-adv-heading111_9f96da-18\">Cateringservice\u00a0<\/p>\n\n\n<style>.wp-block-kadence-advancedheading.kt-adv-heading111_500f07-bd, .wp-block-kadence-advancedheading.kt-adv-heading111_500f07-bd[data-kb-block=\"kb-adv-heading111_500f07-bd\"]{padding-right:10%;padding-left:10%;font-style:normal;}.wp-block-kadence-advancedheading.kt-adv-heading111_500f07-bd mark.kt-highlight, .wp-block-kadence-advancedheading.kt-adv-heading111_500f07-bd[data-kb-block=\"kb-adv-heading111_500f07-bd\"] mark.kt-highlight{font-style:normal;color:#f76a0c;-webkit-box-decoration-break:clone;box-decoration-break:clone;padding-top:0px;padding-right:0px;padding-bottom:0px;padding-left:0px;}.wp-block-kadence-advancedheading.kt-adv-heading111_500f07-bd img.kb-inline-image, .wp-block-kadence-advancedheading.kt-adv-heading111_500f07-bd[data-kb-block=\"kb-adv-heading111_500f07-bd\"] img.kb-inline-image{width:150px;vertical-align:baseline;}@media all and (max-width: 1024px){.wp-block-kadence-advancedheading.kt-adv-heading111_500f07-bd, .wp-block-kadence-advancedheading.kt-adv-heading111_500f07-bd[data-kb-block=\"kb-adv-heading111_500f07-bd\"]{padding-right:0%;padding-left:0%;}}<\/style>\n<p class=\"kt-adv-heading111_500f07-bd wp-block-kadence-advancedheading\" data-kb-block=\"kb-adv-heading111_500f07-bd\">Das Landhotel Klozb\u00fccher in Ellwangen befindet sich in verkehrsg\u00fcnstiger Lage zwischen den St\u00e4dten Crailsheim, Aalen, Heidenheim und Schw\u00e4bisch Hall. Die N\u00e4he zu den Autobahnen A7 (10km) und A6 sorgt f\u00fcr eine unkomplizierte Anreise. Das idyllische Eggenrot bietet eine beschauliche Kulisse inmitten von W\u00e4ldern und Weiden. Die freundliche Atmosph\u00e4re im Haus sp\u00fcren alle Besucher. Kehren Sie bei einer Wanderung bei uns ein, verbringen Sie ein Wochenende mit der Familie oder legen Sie einen Zwischenstopp auf einer Gesch\u00e4ftsreise ein. Bei der Abreise empfiehlt es sich, eine herzhafte Spezialit\u00e4t aus der Metzgerei f\u00fcr zu Hause mitzunehmen.<br><\/p>\n\n\n<style>.wp-block-kadence-advancedbtn.kb-btns111_466ee5-f5{gap:var(--global-kb-gap-xs, 0.5rem );justify-content:center;align-items:center;}.kt-btns111_466ee5-f5 .kt-button{font-weight:normal;font-style:normal;}.kt-btns111_466ee5-f5 .kt-btn-wrap-0{margin-right:5px;}.wp-block-kadence-advancedbtn.kt-btns111_466ee5-f5 .kt-btn-wrap-0 .kt-button{color:#555555;border-color:#555555;}.wp-block-kadence-advancedbtn.kt-btns111_466ee5-f5 .kt-btn-wrap-0 .kt-button:hover, .wp-block-kadence-advancedbtn.kt-btns111_466ee5-f5 .kt-btn-wrap-0 .kt-button:focus{color:#ffffff;border-color:#444444;}.wp-block-kadence-advancedbtn.kt-btns111_466ee5-f5 .kt-btn-wrap-0 .kt-button::before{display:none;}.wp-block-kadence-advancedbtn.kt-btns111_466ee5-f5 .kt-btn-wrap-0 .kt-button:hover, .wp-block-kadence-advancedbtn.kt-btns111_466ee5-f5 .kt-btn-wrap-0 .kt-button:focus{background:#444444;}<\/style>\n<div class=\"wp-block-kadence-advancedbtn kb-buttons-wrap kb-btns111_466ee5-f5\"><style>ul.menu .wp-block-kadence-advancedbtn .kb-btn111_3c8898-3e.kb-button{width:initial;}<\/style><a class=\"kb-button kt-button button kb-btn111_3c8898-3e kt-btn-size-standard kt-btn-width-type-auto kb-btn-global-inherit  kt-btn-has-text-true kt-btn-has-svg-true  wp-block-button__link wp-block-kadence-singlebtn\" href=\"https:\/\/klozbuecher.com\/buchen\/\" target=\"_blank\" rel=\"noreferrer noopener\"><span class=\"kb-svg-icon-wrap kb-svg-icon-fe_arrowDownRight kt-btn-icon-side-left\"><svg viewBox=\"0 0 24 24\"  fill=\"none\" stroke=\"currentColor\" stroke-width=\"2\" stroke-linecap=\"round\" stroke-linejoin=\"round\" xmlns=\"http:\/\/www.w3.org\/2000\/svg\"  aria-hidden=\"true\"><line x1=\"7\" y1=\"7\" x2=\"17\" y2=\"17\"\/><polyline points=\"17 7 17 17 7 17\"\/><\/svg><\/span><span class=\"kt-btn-inner-text\">Zimmer Buchen<\/span><\/a><\/div>\n<\/div><\/div>\n\n<\/div><\/div>","protected":false},"excerpt":{"rendered":"<p>Landhotel Klozb\u00fccher Ellwangen-Eggenrot Cateringservice\u00a0 Das Landhotel Klozb\u00fccher in Ellwangen befindet sich in verkehrsg\u00fcnstiger Lage zwischen den St\u00e4dten Crailsheim, Aalen, Heidenheim und Schw\u00e4bisch Hall. Die N\u00e4he zu den Autobahnen A7 (10km)&#8230;<\/p>","protected":false},"author":1,"featured_media":0,"parent":0,"menu_order":0,"comment_status":"closed","ping_status":"closed","template":"","meta":{"_acf_changed":false,"_kad_blocks_custom_css":"","_kad_blocks_head_custom_js":"","_kad_blocks_body_custom_js":"","_kad_blocks_footer_custom_js":"","_EventAllDay":false,"_EventTimezone":"","_EventStartDate":"","_EventEndDate":"","_EventStartDateUTC":"","_EventEndDateUTC":"","_EventShowMap":false,"_EventShowMapLink":false,"_EventURL":"","_EventCost":"","_EventCostDescription":"","_EventCurrencySymbol":"","_EventCurrencyCode":"","_EventCurrencyPosition":"","_EventDateTimeSeparator":"","_EventTimeRangeSeparator":"","_EventOrganizerID":[],"_EventVenueID":[],"_OrganizerEmail":"","_OrganizerPhone":"","_OrganizerWebsite":"","_VenueAddress":"","_VenueCity":"","_VenueCountry":"","_VenueProvince":"","_VenueState":"","_VenueZip":"","_VenuePhone":"","_VenueURL":"","_VenueStateProvince":"","_VenueLat":"","_VenueLng":"","_VenueShowMap":false,"_VenueShowMapLink":false,"_kad_post_transparent":"","_kad_post_title":"","_kad_post_layout":"","_kad_post_sidebar_id":"","_kad_post_content_style":"","_kad_post_vertical_padding":"","_kad_post_feature":"","_kad_post_feature_position":"","_kad_post_header":false,"_kad_post_footer":false,"_kad_post_classname":"","footnotes":""},"class_list":["post-111","page","type-page","status-publish","hentry"],"acf":[],"taxonomy_info":[],"featured_image_src_large":false,"author_info":{"display_name":"digitalhuman","author_link":"https:\/\/klozbuecher.com\/en\/author\/digitalhuman\/"},"comment_info":0,"_links":{"self":[{"href":"https:\/\/klozbuecher.com\/en\/wp-json\/wp\/v2\/pages\/111","targetHints":{"allow":["GET"]}}],"collection":[{"href":"https:\/\/klozbuecher.com\/en\/wp-json\/wp\/v2\/pages"}],"about":[{"href":"https:\/\/klozbuecher.com\/en\/wp-json\/wp\/v2\/types\/page"}],"author":[{"embeddable":true,"href":"https:\/\/klozbuecher.com\/en\/wp-json\/wp\/v2\/users\/1"}],"replies":[{"embeddable":true,"href":"https:\/\/klozbuecher.com\/en\/wp-json\/wp\/v2\/comments?post=111"}],"version-history":[{"count":3,"href":"https:\/\/klozbuecher.com\/en\/wp-json\/wp\/v2\/pages\/111\/revisions"}],"predecessor-version":[{"id":251,"href":"https:\/\/klozbuecher.com\/en\/wp-json\/wp\/v2\/pages\/111\/revisions\/251"}],"wp:attachment":[{"href":"https:\/\/klozbuecher.com\/en\/wp-json\/wp\/v2\/media?parent=111"}],"curies":[{"name":"wp","href":"https:\/\/api.w.org\/{rel}","templated":true}]}}